{"id":19,"date":"2021-10-02T13:07:03","date_gmt":"2021-10-02T11:07:03","guid":{"rendered":"http:\/\/www.pbsc-bonn.de\/?page_id=19"},"modified":"2024-04-01T13:12:00","modified_gmt":"2024-04-01T11:12:00","slug":"news","status":"publish","type":"page","link":"https:\/\/www.pbsc-bonn.de\/?page_id=19","title":{"rendered":"News"},"content":{"rendered":"\t\t<div data-elementor-type=\"wp-page\" data-elementor-id=\"19\" class=\"elementor elementor-19\">\n\t\t\t\t\t\t\t\t\t<section class=\"elementor-section elementor-top-section elementor-element elementor-element-ad222fb elementor-section-boxed elementor-section-height-default elementor-section-height-default elementor-invisible\" data-id=\"ad222fb\" data-element_type=\"section\" data-settings=\"{&quot;animation&quot;:&quot;fadeIn&quot;}\">\n\t\t\t\t\t\t<div class=\"elementor-container elementor-column-gap-default\">\n\t\t\t\t\t<div class=\"elementor-column elementor-col-100 elementor-top-column elementor-element elementor-element-d57a226\" data-id=\"d57a226\" data-element_type=\"column\">\n\t\t\t<div class=\"elementor-widget-wrap elementor-element-populated\">\n\t\t\t\t\t\t\t\t<div class=\"elementor-element elementor-element-525332e elementor-widget elementor-widget-heading\" data-id=\"525332e\" data-element_type=\"widget\" data-widget_type=\"heading.default\">\n\t\t\t\t<div class=\"elementor-widget-container\">\n\t\t\t<style>\/*! elementor - v3.6.8 - 27-07-2022 *\/\n.elementor-heading-title{padding:0;margin:0;line-height:1}.elementor-widget-heading .elementor-heading-title[class*=elementor-size-]>a{color:inherit;font-size:inherit;line-height:inherit}.elementor-widget-heading .elementor-heading-title.elementor-size-small{font-size:15px}.elementor-widget-heading .elementor-heading-title.elementor-size-medium{font-size:19px}.elementor-widget-heading .elementor-heading-title.elementor-size-large{font-size:29px}.elementor-widget-heading .elementor-heading-title.elementor-size-xl{font-size:39px}.elementor-widget-heading .elementor-heading-title.elementor-size-xxl{font-size:59px}<\/style><h1 class=\"elementor-heading-title elementor-size-default\">Neuigkeiten aus dem Verein<\/h1>\t\t<\/div>\n\t\t\t\t<\/div>\n\t\t\t\t<div class=\"elementor-element elementor-element-f2c9615 elementor-widget elementor-widget-text-editor\" data-id=\"f2c9615\" data-element_type=\"widget\" data-widget_type=\"text-editor.default\">\n\t\t\t\t<div class=\"elementor-widget-container\">\n\t\t\t<style>\/*! elementor - v3.6.8 - 27-07-2022 *\/\n.elementor-widget-text-editor.elementor-drop-cap-view-stacked .elementor-drop-cap{background-color:#818a91;color:#fff}.elementor-widget-text-editor.elementor-drop-cap-view-framed .elementor-drop-cap{color:#818a91;border:3px solid;background-color:transparent}.elementor-widget-text-editor:not(.elementor-drop-cap-view-default) .elementor-drop-cap{margin-top:8px}.elementor-widget-text-editor:not(.elementor-drop-cap-view-default) .elementor-drop-cap-letter{width:1em;height:1em}.elementor-widget-text-editor .elementor-drop-cap{float:left;text-align:center;line-height:1;font-size:50px}.elementor-widget-text-editor .elementor-drop-cap-letter{display:inline-block}<\/style>\t\t\t\t<p>Hier findet ihr alle relevanten News zu unserem Vereinsleben: Mannschaftsergebnisse, Einzelturniere, Hausturniere und Ank\u00fcndigungen.<\/p>\t\t\t\t\t\t<\/div>\n\t\t\t\t<\/div>\n\t\t\t\t\t<\/div>\n\t\t<\/div>\n\t\t\t\t\t\t\t<\/div>\n\t\t<\/section>\n\t\t\t\t<section class=\"elementor-section elementor-top-section elementor-element elementor-element-4654e9d animated-slow elementor-section-boxed elementor-section-height-default elementor-section-height-default elementor-invisible\" data-id=\"4654e9d\" data-element_type=\"section\" data-settings=\"{&quot;animation&quot;:&quot;fadeIn&quot;}\">\n\t\t\t\t\t\t<div class=\"elementor-container elementor-column-gap-wider\">\n\t\t\t\t\t<div class=\"elementor-column elementor-col-50 elementor-top-column elementor-element elementor-element-ffc8348\" data-id=\"ffc8348\" data-element_type=\"column\">\n\t\t\t<div class=\"elementor-widget-wrap elementor-element-populated\">\n\t\t\t\t\t\t\t\t<div class=\"elementor-element elementor-element-42ffc3a elementor-position-left elementor-vertical-align-top elementor-widget elementor-widget-image-box\" data-id=\"42ffc3a\" data-element_type=\"widget\" data-widget_type=\"image-box.default\">\n\t\t\t\t<div class=\"elementor-widget-container\">\n\t\t\t<style>\/*! elementor - v3.6.8 - 27-07-2022 *\/\n.elementor-widget-image-box .elementor-image-box-content{width:100%}@media (min-width:768px){.elementor-widget-image-box.elementor-position-left .elementor-image-box-wrapper,.elementor-widget-image-box.elementor-position-right .elementor-image-box-wrapper{display:-webkit-box;display:-ms-flexbox;display:flex}.elementor-widget-image-box.elementor-position-right .elementor-image-box-wrapper{text-align:right;-webkit-box-orient:horizontal;-webkit-box-direction:reverse;-ms-flex-direction:row-reverse;flex-direction:row-reverse}.elementor-widget-image-box.elementor-position-left .elementor-image-box-wrapper{text-align:left;-webkit-box-orient:horizontal;-webkit-box-direction:normal;-ms-flex-direction:row;flex-direction:row}.elementor-widget-image-box.elementor-position-top .elementor-image-box-img{margin:auto}.elementor-widget-image-box.elementor-vertical-align-top .elementor-image-box-wrapper{-webkit-box-align:start;-ms-flex-align:start;align-items:flex-start}.elementor-widget-image-box.elementor-vertical-align-middle .elementor-image-box-wrapper{-webkit-box-align:center;-ms-flex-align:center;align-items:center}.elementor-widget-image-box.elementor-vertical-align-bottom .elementor-image-box-wrapper{-webkit-box-align:end;-ms-flex-align:end;align-items:flex-end}}@media (max-width:767px){.elementor-widget-image-box .elementor-image-box-img{margin-left:auto!important;margin-right:auto!important;margin-bottom:15px}}.elementor-widget-image-box .elementor-image-box-img{display:inline-block}.elementor-widget-image-box .elementor-image-box-title a{color:inherit}.elementor-widget-image-box .elementor-image-box-wrapper{text-align:center}.elementor-widget-image-box .elementor-image-box-description{margin:0}<\/style><div class=\"elementor-image-box-wrapper\"><figure class=\"elementor-image-box-img\"><a href=\"http:\/\/www.pbsc-bonn.de\/2022\/07\/22\/hausturnier-erste-bonner-club-challenge-ein-voller-erfolg\/\"><img loading=\"lazy\" decoding=\"async\" width=\"100\" height=\"75\" src=\"https:\/\/www.pbsc-bonn.de\/wp-content\/uploads\/2021\/11\/beitrag_poolchallenge.jpg\" class=\"attachment-medium size-medium\" alt=\"\" \/><\/a><\/figure><div class=\"elementor-image-box-content\"><h2 class=\"elementor-image-box-title\"><a href=\"http:\/\/www.pbsc-bonn.de\/2022\/07\/22\/hausturnier-erste-bonner-club-challenge-ein-voller-erfolg\/\">Hausturnier - Erste Bonner Club Challenge ein voller Erfolg!<\/a><\/h2><p class=\"elementor-image-box-description\">Hausturnier - Erste Bonner Club Challenge ein voller Erfolg<\/p><\/div><\/div>\t\t<\/div>\n\t\t\t\t<\/div>\n\t\t\t\t<div class=\"elementor-element elementor-element-107fb46 elementor-position-left elementor-vertical-align-top elementor-widget elementor-widget-image-box\" data-id=\"107fb46\" data-element_type=\"widget\" data-widget_type=\"image-box.default\">\n\t\t\t\t<div class=\"elementor-widget-container\">\n\t\t\t<div class=\"elementor-image-box-wrapper\"><figure class=\"elementor-image-box-img\"><a href=\"http:\/\/www.pbsc-bonn.de\/2022\/07\/22\/3rd-lions-open-bonn-2016\/\"><img loading=\"lazy\" decoding=\"async\" width=\"100\" height=\"75\" src=\"https:\/\/www.pbsc-bonn.de\/wp-content\/uploads\/2021\/12\/beitrag-lionsopen2016.jpg\" class=\"attachment-medium size-medium\" alt=\"\" \/><\/a><\/figure><div class=\"elementor-image-box-content\"><h2 class=\"elementor-image-box-title\"><a href=\"http:\/\/www.pbsc-bonn.de\/2022\/07\/22\/3rd-lions-open-bonn-2016\/\">3rd LIONS OPEN Bonn 2016<\/a><\/h2><p class=\"elementor-image-box-description\">Der PBSC BONN e.V. l\u00e4dt ein in sein Vereinsheim zur LIONS OPEN BONN 2016<\/p><\/div><\/div>\t\t<\/div>\n\t\t\t\t<\/div>\n\t\t\t\t<div class=\"elementor-element elementor-element-0392f9b elementor-position-left elementor-vertical-align-top elementor-widget elementor-widget-image-box\" data-id=\"0392f9b\" data-element_type=\"widget\" data-widget_type=\"image-box.default\">\n\t\t\t\t<div class=\"elementor-widget-container\">\n\t\t\t<div class=\"elementor-image-box-wrapper\"><figure class=\"elementor-image-box-img\"><a href=\"http:\/\/www.pbsc-bonn.de\/2022\/07\/22\/deutschland-spielt-billard-2016-sei-dabei\/\"><img loading=\"lazy\" decoding=\"async\" width=\"100\" height=\"75\" src=\"https:\/\/www.pbsc-bonn.de\/wp-content\/uploads\/2021\/12\/beitrag-dsb2016-banner.jpg\" class=\"attachment-medium size-medium\" alt=\"\" \/><\/a><\/figure><div class=\"elementor-image-box-content\"><h2 class=\"elementor-image-box-title\"><a href=\"http:\/\/www.pbsc-bonn.de\/2022\/07\/22\/deutschland-spielt-billard-2016-sei-dabei\/\">Deutschland spielt Billard \u2013 2016 \u2013 Sei dabei!<\/a><\/h2><p class=\"elementor-image-box-description\">Am Finalwochenende der Snooker-Weltmeisterschaft (30. April.\/01. Mai) findet die Aktion \u201eDeutschland spielt Billard\u201c<\/p><\/div><\/div>\t\t<\/div>\n\t\t\t\t<\/div>\n\t\t\t\t<div class=\"elementor-element elementor-element-b2e1d52 elementor-position-left elementor-vertical-align-top elementor-widget elementor-widget-image-box\" data-id=\"b2e1d52\" data-element_type=\"widget\" data-widget_type=\"image-box.default\">\n\t\t\t\t<div class=\"elementor-widget-container\">\n\t\t\t<div class=\"elementor-image-box-wrapper\"><figure class=\"elementor-image-box-img\"><a href=\"http:\/\/www.pbsc-bonn.de\/2022\/07\/22\/5-bonner-loewen-cup-2016\/\"><img loading=\"lazy\" decoding=\"async\" width=\"100\" height=\"75\" src=\"https:\/\/www.pbsc-bonn.de\/wp-content\/uploads\/2021\/12\/beitrag-loewen-2016-small.jpg\" class=\"attachment-medium size-medium\" alt=\"\" \/><\/a><\/figure><div class=\"elementor-image-box-content\"><h2 class=\"elementor-image-box-title\"><a href=\"http:\/\/www.pbsc-bonn.de\/2022\/07\/22\/5-bonner-loewen-cup-2016\/\">5. Bonner L\u00d6WEN CUP 2016<\/a><\/h2><p class=\"elementor-image-box-description\">Es ist wieder soweit: Der PBSC BONN e.V. l\u00e4dt zum f\u00fcnften Mal ein zum Bonner L\u00d6WEN CUP<\/p><\/div><\/div>\t\t<\/div>\n\t\t\t\t<\/div>\n\t\t\t\t\t<\/div>\n\t\t<\/div>\n\t\t\t\t<div class=\"elementor-column elementor-col-50 elementor-top-column elementor-element elementor-element-d08e62c\" data-id=\"d08e62c\" data-element_type=\"column\">\n\t\t\t<div class=\"elementor-widget-wrap elementor-element-populated\">\n\t\t\t\t\t\t\t\t<div class=\"elementor-element elementor-element-d808486 elementor-position-left elementor-vertical-align-top elementor-widget elementor-widget-image-box\" data-id=\"d808486\" data-element_type=\"widget\" data-widget_type=\"image-box.default\">\n\t\t\t\t<div class=\"elementor-widget-container\">\n\t\t\t<div class=\"elementor-image-box-wrapper\"><figure class=\"elementor-image-box-img\"><a href=\"http:\/\/www.pbsc-bonn.de\/2022\/07\/22\/unsere-heimspiele-im-dezember\/\"><img loading=\"lazy\" decoding=\"async\" width=\"100\" height=\"75\" src=\"https:\/\/www.pbsc-bonn.de\/wp-content\/uploads\/2021\/12\/beitrag-schal.jpg\" class=\"attachment-medium size-medium\" alt=\"\" \/><\/a><\/figure><div class=\"elementor-image-box-content\"><h2 class=\"elementor-image-box-title\"><a href=\"http:\/\/www.pbsc-bonn.de\/2022\/07\/22\/unsere-heimspiele-im-dezember\/\">Unsere Heimspiele im Dezember<\/a><\/h2><p class=\"elementor-image-box-description\">Lust zuzuschauen?<\/p><\/div><\/div>\t\t<\/div>\n\t\t\t\t<\/div>\n\t\t\t\t<div class=\"elementor-element elementor-element-ede6e05 elementor-position-left elementor-vertical-align-top elementor-widget elementor-widget-image-box\" data-id=\"ede6e05\" data-element_type=\"widget\" data-widget_type=\"image-box.default\">\n\t\t\t\t<div class=\"elementor-widget-container\">\n\t\t\t<div class=\"elementor-image-box-wrapper\"><figure class=\"elementor-image-box-img\"><a href=\"http:\/\/www.pbsc-bonn.de\/2022\/07\/22\/saison-15-16-erste-spiele-in-landesliga-und-bezirksliga\/\"><img loading=\"lazy\" decoding=\"async\" width=\"100\" height=\"75\" src=\"https:\/\/www.pbsc-bonn.de\/wp-content\/uploads\/2021\/11\/beitrag_spieltag.jpg\" class=\"attachment-medium size-medium\" alt=\"\" \/><\/a><\/figure><div class=\"elementor-image-box-content\"><h2 class=\"elementor-image-box-title\"><a href=\"http:\/\/www.pbsc-bonn.de\/2022\/07\/22\/saison-15-16-erste-spiele-in-landesliga-und-bezirksliga\/\">Saison 2015\/2016<\/a><\/h2><p class=\"elementor-image-box-description\">Erste Spiele in Landesliga und Bezirksliga<\/p><\/div><\/div>\t\t<\/div>\n\t\t\t\t<\/div>\n\t\t\t\t<div class=\"elementor-element elementor-element-c07a392 elementor-position-left elementor-vertical-align-top elementor-widget elementor-widget-image-box\" data-id=\"c07a392\" data-element_type=\"widget\" data-widget_type=\"image-box.default\">\n\t\t\t\t<div class=\"elementor-widget-container\">\n\t\t\t<div class=\"elementor-image-box-wrapper\"><figure class=\"elementor-image-box-img\"><a href=\"http:\/\/www.pbsc-bonn.de\/2022\/07\/22\/4-bonner-loewen-cup-2014\/\"><img loading=\"lazy\" decoding=\"async\" width=\"100\" height=\"75\" src=\"https:\/\/www.pbsc-bonn.de\/wp-content\/uploads\/2021\/12\/beitrag-loewen-2014-small.jpg\" class=\"attachment-medium size-medium\" alt=\"\" \/><\/a><\/figure><div class=\"elementor-image-box-content\"><h2 class=\"elementor-image-box-title\"><a href=\"http:\/\/www.pbsc-bonn.de\/2022\/07\/22\/4-bonner-loewen-cup-2014\/\">4. Bonner L\u00d6WEN CUP 2014<\/a><\/h2><p class=\"elementor-image-box-description\">4. Bonner L\u00d6WEN CUP 2014<\/p><\/div><\/div>\t\t<\/div>\n\t\t\t\t<\/div>\n\t\t\t\t<div class=\"elementor-element elementor-element-4efc544 elementor-position-left elementor-vertical-align-top elementor-widget elementor-widget-image-box\" data-id=\"4efc544\" data-element_type=\"widget\" data-widget_type=\"image-box.default\">\n\t\t\t\t<div class=\"elementor-widget-container\">\n\t\t\t<div class=\"elementor-image-box-wrapper\"><figure class=\"elementor-image-box-img\"><a href=\"http:\/\/www.pbsc-bonn.de\/2022\/07\/22\/pbsc-im-schaufenster\/\"><img loading=\"lazy\" decoding=\"async\" width=\"100\" height=\"75\" src=\"https:\/\/www.pbsc-bonn.de\/wp-content\/uploads\/2021\/12\/beitrag-presse-schaufenster-small.jpg\" class=\"attachment-medium size-medium\" alt=\"\" \/><\/a><\/figure><div class=\"elementor-image-box-content\"><h2 class=\"elementor-image-box-title\"><a href=\"http:\/\/www.pbsc-bonn.de\/2022\/07\/22\/pbsc-im-schaufenster\/\">PBSC im Schaufenster<\/a><\/h2><p class=\"elementor-image-box-description\">PBSC Bonn erstmalig in der 3. Pool Billard Bundesliga<\/p><\/div><\/div>\t\t<\/div>\n\t\t\t\t<\/div>\n\t\t\t\t<div class=\"elementor-element elementor-element-9f69e32 elementor-position-left elementor-vertical-align-top elementor-widget elementor-widget-image-box\" data-id=\"9f69e32\" data-element_type=\"widget\" data-widget_type=\"image-box.default\">\n\t\t\t\t<div class=\"elementor-widget-container\">\n\t\t\t<div class=\"elementor-image-box-wrapper\"><figure class=\"elementor-image-box-img\"><a href=\"http:\/\/www.pbsc-bonn.de\/2022\/07\/22\/unser-verein-im-general-anzeiger\/\"><img loading=\"lazy\" decoding=\"async\" width=\"100\" height=\"75\" src=\"https:\/\/www.pbsc-bonn.de\/wp-content\/uploads\/2021\/12\/beitrag-presse-generalzeiger-small.jpg\" class=\"attachment-medium size-medium\" alt=\"\" \/><\/a><\/figure><div class=\"elementor-image-box-content\"><h2 class=\"elementor-image-box-title\"><a href=\"http:\/\/www.pbsc-bonn.de\/2022\/07\/22\/unser-verein-im-general-anzeiger\/\">Unser Verein im General Anzeiger<\/a><\/h2><p class=\"elementor-image-box-description\">Im Jubil\u00e4umsjahr in die Regionalliga<\/p><\/div><\/div>\t\t<\/div>\n\t\t\t\t<\/div>\n\t\t\t\t\t<\/div>\n\t\t<\/div>\n\t\t\t\t\t\t\t<\/div>\n\t\t<\/section>\n\t\t\t\t<section class=\"elementor-section elementor-top-section elementor-element elementor-element-50a4acc elementor-section-boxed elementor-section-height-default elementor-section-height-default elementor-invisible\" data-id=\"50a4acc\" data-element_type=\"section\" data-settings=\"{&quot;animation&quot;:&quot;fadeInUp&quot;}\">\n\t\t\t\t\t\t<div class=\"elementor-container elementor-column-gap-default\">\n\t\t\t\t\t<div class=\"elementor-column elementor-col-100 elementor-top-column elementor-element elementor-element-e0ca620\" data-id=\"e0ca620\" data-element_type=\"column\">\n\t\t\t<div class=\"elementor-widget-wrap elementor-element-populated\">\n\t\t\t\t\t\t\t\t<div class=\"elementor-element elementor-element-6aac396 elementor-align-left elementor-widget elementor-widget-button\" data-id=\"6aac396\" data-element_type=\"widget\" data-widget_type=\"button.default\">\n\t\t\t\t<div class=\"elementor-widget-container\">\n\t\t\t\t\t<div class=\"elementor-button-wrapper\">\n\t\t\t<a href=\"\/?page_id=760\" target=\"_blank\" class=\"elementor-button-link elementor-button elementor-size-sm\" role=\"button\">\n\t\t\t\t\t\t<span class=\"elementor-button-content-wrapper\">\n\t\t\t\t\t\t\t<span class=\"elementor-button-icon elementor-align-icon-right\">\n\t\t\t\t<i aria-hidden=\"true\" class=\"fas fa-angle-down\"><\/i>\t\t\t<\/span>\n\t\t\t\t\t\t<span class=\"elementor-button-text\">alle News anzeigen<\/span>\n\t\t<\/span>\n\t\t\t\t\t<\/a>\n\t\t<\/div>\n\t\t\t\t<\/div>\n\t\t\t\t<\/div>\n\t\t\t\t\t<\/div>\n\t\t<\/div>\n\t\t\t\t\t\t\t<\/div>\n\t\t<\/section>\n\t\t\t\t\t\t\t<\/div>\n\t\t","protected":false},"excerpt":{"rendered":"<p>Neuigkeiten aus dem Verein Hier findet ihr alle relevanten News zu unserem Vereinsleben: Mannschaftsergebnisse, Einzelturniere, Hausturniere und Ank\u00fcndigungen. Hausturnier &#8211; Erste Bonner Club Challenge ein voller Erfolg! Hausturnier &#8211; Erste Bonner Club Challenge ein voller Erfolg 3rd LIONS OPEN Bonn 2016 Der PBSC BONN e.V. l\u00e4dt ein in sein Vereinsheim zur LIONS OPEN BONN 2016&hellip;&nbsp;<a href=\"https:\/\/www.pbsc-bonn.de\/?page_id=19\" class=\"\" rel=\"bookmark\">Weiterlesen &raquo;<span class=\"screen-reader-text\">News<\/span><\/a><\/p>\n","protected":false},"author":1,"featured_media":0,"parent":0,"menu_order":0,"comment_status":"closed","ping_status":"closed","template":"page-templates\/template-pagebuilder-full-width.php","meta":{"neve_meta_sidebar":"","neve_meta_container":"","neve_meta_enable_content_width":"on","neve_meta_content_width":100,"neve_meta_title_alignment":"","neve_meta_author_avatar":"","neve_post_elements_order":"","neve_meta_disable_header":"","neve_meta_disable_footer":"","neve_meta_disable_title":"on","footnotes":""},"class_list":["post-19","page","type-page","status-publish","hentry"],"_links":{"self":[{"href":"https:\/\/www.pbsc-bonn.de\/index.php?rest_route=\/wp\/v2\/pages\/19","targetHints":{"allow":["GET"]}}],"collection":[{"href":"https:\/\/www.pbsc-bonn.de\/index.php?rest_route=\/wp\/v2\/pages"}],"about":[{"href":"https:\/\/www.pbsc-bonn.de\/index.php?rest_route=\/wp\/v2\/types\/page"}],"author":[{"embeddable":true,"href":"https:\/\/www.pbsc-bonn.de\/index.php?rest_route=\/wp\/v2\/users\/1"}],"replies":[{"embeddable":true,"href":"https:\/\/www.pbsc-bonn.de\/index.php?rest_route=%2Fwp%2Fv2%2Fcomments&post=19"}],"version-history":[{"count":119,"href":"https:\/\/www.pbsc-bonn.de\/index.php?rest_route=\/wp\/v2\/pages\/19\/revisions"}],"predecessor-version":[{"id":1653,"href":"https:\/\/www.pbsc-bonn.de\/index.php?rest_route=\/wp\/v2\/pages\/19\/revisions\/1653"}],"wp:attachment":[{"href":"https:\/\/www.pbsc-bonn.de\/index.php?rest_route=%2Fwp%2Fv2%2Fmedia&parent=19"}],"curies":[{"name":"wp","href":"https:\/\/api.w.org\/{rel}","templated":true}]}}