{"id":22,"date":"2021-10-02T13:07:03","date_gmt":"2021-10-02T11:07:03","guid":{"rendered":"http:\/\/www.pbsc-bonn.de\/?page_id=22"},"modified":"2026-03-02T15:44:21","modified_gmt":"2026-03-02T14:44:21","slug":"impressum","status":"publish","type":"page","link":"https:\/\/www.pbsc-bonn.de\/?page_id=22","title":{"rendered":"Impressum"},"content":{"rendered":"<style>\/*! elementor - v3.6.8 - 27-07-2022 *\/\n.elementor-heading-title{padding:0;margin:0;line-height:1}.elementor-widget-heading .elementor-heading-title[class*=elementor-size-]>a{color:inherit;font-size:inherit;line-height:inherit}.elementor-widget-heading .elementor-heading-title.elementor-size-small{font-size:15px}.elementor-widget-heading .elementor-heading-title.elementor-size-medium{font-size:19px}.elementor-widget-heading .elementor-heading-title.elementor-size-large{font-size:29px}.elementor-widget-heading .elementor-heading-title.elementor-size-xl{font-size:39px}.elementor-widget-heading .elementor-heading-title.elementor-size-xxl{font-size:59px}<\/style>\n<h1>Impressum<\/h1>\n<h1>Angaben gem\u00e4\u00df \u00a7 5 TMG<\/h1>\n<p>PBSC Bonn e.V.<br \/>c\/o Herr J\u00f6rg Schmitter<br \/>In den Dauen 6<br \/>53117 Bonn<\/p>\n<p>E-Mail: <a style=\"color: #ffffff;\" href=\"mailto:pool@pbsc-bonn.de\">pool(at)pbsc-bonn.de<\/a><br \/>Eingetragen im Vereinsregister des Amtsgerichtes Bonn Nr.: 20 VR 5965<\/p>\n<h1>Adresse Vereinsheim<\/h1>\n<p>PBSC Bonn e.V.<br \/>In den Dauen 6, <br \/>53117 Bonn<\/p>\n<h1>Verantwortliche Redaktion im Sinne des Mediendienstestaatsvertrags<\/h1>\n<p>Herr J\u00f6rg Schmitter<\/p>\n<h1>Haftungsausschluss und Copyright<\/h1>\n<p>Die Internetseiten des PBSC Bonn e.V. bieten Ihnen eine Vielzahl von Informationen, die regelm\u00e4\u00dfig aktualisiert werden. Sie k\u00f6nnen unsere Informationen speichern und Verkn\u00fcpfungen zu unseren Seiten einrichten. Bei Verlinkung von kommerziellen Anbietern m\u00fcssen die Seiten des PBSC Bonn e.V. alleiniger Bestandteil des Navigator-Fensters sein. Die Informationen d\u00fcrfen nicht ver\u00e4ndert oder verf\u00e4lscht werden.<\/p>\n<h1>Inhalt der eigenen Seiten<\/h1>\n<p>Die Haftung f\u00fcr die Aktualit\u00e4t, Vollst\u00e4ndigkeit oder Qualit\u00e4t ist ausgeschlossen. Alle kostenfreien Angebote sind unverbindlich. Die Redaktion beh\u00e4lt es sich vor, jederzeit ohne vorherige Ank\u00fcndigung das Angebot zu ver\u00e4ndern, zu erg\u00e4nzen, zu l\u00f6schen oder die Ver\u00f6ffentlichung einzustellen.<\/p>\n<h1>Datenschutz<\/h1>\n<p>Sofern innerhalb des Internetangebotes die M\u00f6glichkeit zur Eingabe pers\u00f6nlicher oder gesch\u00e4ftlicher Daten (Emailadressen, Namen, Anschriften) besteht, so erfolgt die Preisgabe dieser Daten seitens des Nutzers auf ausdr\u00fccklich freiwilliger Basis. Die rechtlichen Vorschriften zum Datenschutz werden beachtet. Die Inanspruchnahme und Bezahlung aller angebotenen Dienste ist &#8211; soweit technisch m\u00f6glich und zumutbar &#8211; auch ohne Angabe solcher Daten bzw. unter Angabe anonymisierter Daten oder eines Pseudonyms gestattet.<\/p>\n<p>\t\t\t<a href=\"\/datenschutz\" role=\"button\"><br \/>\n\t\t\t\t\t\tzur DSGVO<br \/>\n\t\t\t\t\t<\/a><\/p>\n","protected":false},"excerpt":{"rendered":"<p>Impressum Angaben gem\u00e4\u00df \u00a7 5 TMG PBSC Bonn e.V.c\/o Herr J\u00f6rg SchmitterIn den Dauen 653117 Bonn E-Mail: pool(at)pbsc-bonn.deEingetragen im Vereinsregister des Amtsgerichtes Bonn Nr.: 20 VR 5965 Adresse Vereinsheim PBSC Bonn e.V.In den Dauen 6, 53117 Bonn Verantwortliche Redaktion im Sinne des Mediendienstestaatsvertrags Herr J\u00f6rg Schmitter Haftungsausschluss und Copyright Die Internetseiten des PBSC Bonn e.V.&hellip;&nbsp;<a href=\"https:\/\/www.pbsc-bonn.de\/?page_id=22\" class=\"\" rel=\"bookmark\">Weiterlesen &raquo;<span class=\"screen-reader-text\">Impressum<\/span><\/a><\/p>\n","protected":false},"author":1,"featured_media":0,"parent":0,"menu_order":0,"comment_status":"closed","ping_status":"closed","template":"page-templates\/template-pagebuilder-full-width.php","meta":{"neve_meta_sidebar":"","neve_meta_container":"","neve_meta_enable_content_width":"on","neve_meta_content_width":100,"neve_meta_title_alignment":"","neve_meta_author_avatar":"","neve_post_elements_order":"","neve_meta_disable_header":"","neve_meta_disable_footer":"","neve_meta_disable_title":"on","footnotes":""},"class_list":["post-22","page","type-page","status-publish","hentry"],"_links":{"self":[{"href":"https:\/\/www.pbsc-bonn.de\/index.php?rest_route=\/wp\/v2\/pages\/22","targetHints":{"allow":["GET"]}}],"collection":[{"href":"https:\/\/www.pbsc-bonn.de\/index.php?rest_route=\/wp\/v2\/pages"}],"about":[{"href":"https:\/\/www.pbsc-bonn.de\/index.php?rest_route=\/wp\/v2\/types\/page"}],"author":[{"embeddable":true,"href":"https:\/\/www.pbsc-bonn.de\/index.php?rest_route=\/wp\/v2\/users\/1"}],"replies":[{"embeddable":true,"href":"https:\/\/www.pbsc-bonn.de\/index.php?rest_route=%2Fwp%2Fv2%2Fcomments&post=22"}],"version-history":[{"count":36,"href":"https:\/\/www.pbsc-bonn.de\/index.php?rest_route=\/wp\/v2\/pages\/22\/revisions"}],"predecessor-version":[{"id":1776,"href":"https:\/\/www.pbsc-bonn.de\/index.php?rest_route=\/wp\/v2\/pages\/22\/revisions\/1776"}],"wp:attachment":[{"href":"https:\/\/www.pbsc-bonn.de\/index.php?rest_route=%2Fwp%2Fv2%2Fmedia&parent=22"}],"curies":[{"name":"wp","href":"https:\/\/api.w.org\/{rel}","templated":true}]}}