{"id":484,"date":"2021-10-22T15:04:37","date_gmt":"2021-10-22T13:04:37","guid":{"rendered":"http:\/\/www.pbsc-bonn.de\/?page_id=484"},"modified":"2024-08-11T13:49:06","modified_gmt":"2024-08-11T11:49:06","slug":"schnuppertraining","status":"publish","type":"page","link":"https:\/\/www.pbsc-bonn.de\/?page_id=484","title":{"rendered":"Schnuppertraining"},"content":{"rendered":"\t\t<div data-elementor-type=\"wp-page\" data-elementor-id=\"484\" class=\"elementor elementor-484\">\n\t\t\t\t\t\t\t\t\t<section class=\"elementor-section elementor-top-section elementor-element elementor-element-93d4e42 elementor-section-boxed elementor-section-height-default elementor-section-height-default elementor-invisible\" data-id=\"93d4e42\" data-element_type=\"section\" data-settings=\"{&quot;animation&quot;:&quot;fadeIn&quot;}\">\n\t\t\t\t\t\t<div class=\"elementor-container elementor-column-gap-default\">\n\t\t\t\t\t<div class=\"elementor-column elementor-col-100 elementor-top-column elementor-element elementor-element-c721103\" data-id=\"c721103\" data-element_type=\"column\">\n\t\t\t<div class=\"elementor-widget-wrap elementor-element-populated\">\n\t\t\t\t\t\t\t\t<div class=\"elementor-element elementor-element-8912f61 elementor-widget elementor-widget-heading\" data-id=\"8912f61\" data-element_type=\"widget\" data-widget_type=\"heading.default\">\n\t\t\t\t<div class=\"elementor-widget-container\">\n\t\t\t<style>\/*! elementor - v3.6.8 - 27-07-2022 *\/\n.elementor-heading-title{padding:0;margin:0;line-height:1}.elementor-widget-heading .elementor-heading-title[class*=elementor-size-]>a{color:inherit;font-size:inherit;line-height:inherit}.elementor-widget-heading .elementor-heading-title.elementor-size-small{font-size:15px}.elementor-widget-heading .elementor-heading-title.elementor-size-medium{font-size:19px}.elementor-widget-heading .elementor-heading-title.elementor-size-large{font-size:29px}.elementor-widget-heading .elementor-heading-title.elementor-size-xl{font-size:39px}.elementor-widget-heading .elementor-heading-title.elementor-size-xxl{font-size:59px}<\/style><h1 class=\"elementor-heading-title elementor-size-default\">Kostenloses Schnuppertraining<\/h1>\t\t<\/div>\n\t\t\t\t<\/div>\n\t\t\t\t<div class=\"elementor-element elementor-element-aaa68d8 elementor-widget elementor-widget-heading\" data-id=\"aaa68d8\" data-element_type=\"widget\" data-widget_type=\"heading.default\">\n\t\t\t\t<div class=\"elementor-widget-container\">\n\t\t\t<h1 class=\"elementor-heading-title elementor-size-default\">Jeder ist bei uns herzlich willkommen!<\/h1>\t\t<\/div>\n\t\t\t\t<\/div>\n\t\t\t\t<div class=\"elementor-element elementor-element-35d6023 elementor-widget elementor-widget-text-editor\" data-id=\"35d6023\" data-element_type=\"widget\" data-widget_type=\"text-editor.default\">\n\t\t\t\t<div class=\"elementor-widget-container\">\n\t\t\t<style>\/*! elementor - v3.6.8 - 27-07-2022 *\/\n.elementor-widget-text-editor.elementor-drop-cap-view-stacked .elementor-drop-cap{background-color:#818a91;color:#fff}.elementor-widget-text-editor.elementor-drop-cap-view-framed .elementor-drop-cap{color:#818a91;border:3px solid;background-color:transparent}.elementor-widget-text-editor:not(.elementor-drop-cap-view-default) .elementor-drop-cap{margin-top:8px}.elementor-widget-text-editor:not(.elementor-drop-cap-view-default) .elementor-drop-cap-letter{width:1em;height:1em}.elementor-widget-text-editor .elementor-drop-cap{float:left;text-align:center;line-height:1;font-size:50px}.elementor-widget-text-editor .elementor-drop-cap-letter{display:inline-block}<\/style>\t\t\t\t<p><span class=\"aText\">Du hast Lust auf Poolbillard?<br \/>Du spielst schon ab und zu Billard oder m\u00f6chtest es das erste Mal probieren?<br \/>Du bist gespannt, wie Billard im Verein oder sogar in einer Mannschaft funktioniert?<\/span><\/p><p><span class=\"aText\"><strong>Prima &#8211; dann laden wir dich (oder euch) gerne zu unserem kostenlosen Schnuppertraining ein!<\/strong><\/span><\/p>\t\t\t\t\t\t<\/div>\n\t\t\t\t<\/div>\n\t\t\t\t\t<\/div>\n\t\t<\/div>\n\t\t\t\t\t\t\t<\/div>\n\t\t<\/section>\n\t\t\t\t<section class=\"elementor-section elementor-top-section elementor-element elementor-element-979d0ff elementor-section-boxed elementor-section-height-default elementor-section-height-default elementor-invisible\" data-id=\"979d0ff\" data-element_type=\"section\" data-settings=\"{&quot;animation&quot;:&quot;fadeInUp&quot;}\">\n\t\t\t\t\t\t<div class=\"elementor-container elementor-column-gap-default\">\n\t\t\t\t\t<div class=\"elementor-column elementor-col-100 elementor-top-column elementor-element elementor-element-620fac2\" data-id=\"620fac2\" data-element_type=\"column\">\n\t\t\t<div class=\"elementor-widget-wrap elementor-element-populated\">\n\t\t\t\t\t\t\t\t<div class=\"elementor-element elementor-element-146ba58 elementor-widget elementor-widget-heading\" data-id=\"146ba58\" data-element_type=\"widget\" data-widget_type=\"heading.default\">\n\t\t\t\t<div class=\"elementor-widget-container\">\n\t\t\t<h1 class=\"elementor-heading-title elementor-size-default\">Wann?<\/h1>\t\t<\/div>\n\t\t\t\t<\/div>\n\t\t\t\t<div class=\"elementor-element elementor-element-ee9fcb7 elementor-widget elementor-widget-text-editor\" data-id=\"ee9fcb7\" data-element_type=\"widget\" data-widget_type=\"text-editor.default\">\n\t\t\t\t<div class=\"elementor-widget-container\">\n\t\t\t\t\t\t\t<p><span class=\"aText\">Nur nach Voranmeldung <\/span><\/p><p><span class=\"aText\">Mail uns an unter pool(at)pbsc-bonn.de \u2013 wir finden einen Termin.<\/span><\/p>\t\t\t\t\t\t<\/div>\n\t\t\t\t<\/div>\n\t\t\t\t\t<\/div>\n\t\t<\/div>\n\t\t\t\t\t\t\t<\/div>\n\t\t<\/section>\n\t\t\t\t<section class=\"elementor-section elementor-top-section elementor-element elementor-element-d6e69db elementor-section-boxed elementor-section-height-default elementor-section-height-default elementor-invisible\" data-id=\"d6e69db\" data-element_type=\"section\" data-settings=\"{&quot;animation&quot;:&quot;fadeInUp&quot;}\">\n\t\t\t\t\t\t<div class=\"elementor-container elementor-column-gap-default\">\n\t\t\t\t\t<div class=\"elementor-column elementor-col-100 elementor-top-column elementor-element elementor-element-e9717b3\" data-id=\"e9717b3\" data-element_type=\"column\">\n\t\t\t<div class=\"elementor-widget-wrap elementor-element-populated\">\n\t\t\t\t\t\t\t\t<div class=\"elementor-element elementor-element-d2cb5a7 elementor-widget elementor-widget-heading\" data-id=\"d2cb5a7\" data-element_type=\"widget\" data-widget_type=\"heading.default\">\n\t\t\t\t<div class=\"elementor-widget-container\">\n\t\t\t<h1 class=\"elementor-heading-title elementor-size-default\">Wo?<\/h1>\t\t<\/div>\n\t\t\t\t<\/div>\n\t\t\t\t<div class=\"elementor-element elementor-element-0724dbe elementor-widget elementor-widget-text-editor\" data-id=\"0724dbe\" data-element_type=\"widget\" data-widget_type=\"text-editor.default\">\n\t\t\t\t<div class=\"elementor-widget-container\">\n\t\t\t\t\t\t\t<p><span class=\"aText\">Unser vereinseigenes Spiellokal mit sechs Pooltischen liegt im Bonner Norden.<br \/>Unten findest du noch weitere Hinweise wie du einfach zu uns gelangst, hier schonmal die Adresse:<br \/>PBSC Bonn e.V.<br \/>In den Dauen 6<br \/>53117 Bonn <\/span><\/p><p>Sollte die Eingangst\u00fcr nicht offen sein, benutz bitte die Klingel oder ruf unter 0228 \/ 18034159 an.<\/p>\t\t\t\t\t\t<\/div>\n\t\t\t\t<\/div>\n\t\t\t\t\t<\/div>\n\t\t<\/div>\n\t\t\t\t\t\t\t<\/div>\n\t\t<\/section>\n\t\t\t\t<section class=\"elementor-section elementor-top-section elementor-element elementor-element-de7f641 elementor-section-boxed elementor-section-height-default elementor-section-height-default elementor-invisible\" data-id=\"de7f641\" data-element_type=\"section\" data-settings=\"{&quot;animation&quot;:&quot;fadeInUp&quot;}\">\n\t\t\t\t\t\t<div class=\"elementor-container elementor-column-gap-default\">\n\t\t\t\t\t<div class=\"elementor-column elementor-col-100 elementor-top-column elementor-element elementor-element-5eed362\" data-id=\"5eed362\" data-element_type=\"column\">\n\t\t\t<div class=\"elementor-widget-wrap elementor-element-populated\">\n\t\t\t\t\t\t\t\t<div class=\"elementor-element elementor-element-30817d2 elementor-widget elementor-widget-heading\" data-id=\"30817d2\" data-element_type=\"widget\" data-widget_type=\"heading.default\">\n\t\t\t\t<div class=\"elementor-widget-container\">\n\t\t\t<h1 class=\"elementor-heading-title elementor-size-default\">Voraussetzungen?<\/h1>\t\t<\/div>\n\t\t\t\t<\/div>\n\t\t\t\t<div class=\"elementor-element elementor-element-6a37f80 elementor-widget elementor-widget-text-editor\" data-id=\"6a37f80\" data-element_type=\"widget\" data-widget_type=\"text-editor.default\">\n\t\t\t\t<div class=\"elementor-widget-container\">\n\t\t\t\t\t\t\t<p><span class=\"aText\">Gibt es keine.<br \/>Geschlecht, Alter, Nationalit\u00e4t, mit oder ohne eigenes Queue \u2013 bei uns ist JEDE*R willkommen. <\/span><\/p><p><strong>Komm vorbei \u2013 wir freuen uns auf dich\/euch!<\/strong><\/p>\t\t\t\t\t\t<\/div>\n\t\t\t\t<\/div>\n\t\t\t\t\t<\/div>\n\t\t<\/div>\n\t\t\t\t\t\t\t<\/div>\n\t\t<\/section>\n\t\t\t\t<section class=\"elementor-section elementor-top-section elementor-element elementor-element-ba6441e elementor-section-boxed elementor-section-height-default elementor-section-height-default elementor-invisible\" data-id=\"ba6441e\" data-element_type=\"section\" data-settings=\"{&quot;animation&quot;:&quot;fadeInUp&quot;}\">\n\t\t\t\t\t\t<div class=\"elementor-container elementor-column-gap-default\">\n\t\t\t\t\t<div class=\"elementor-column elementor-col-100 elementor-top-column elementor-element elementor-element-d20fda2\" data-id=\"d20fda2\" data-element_type=\"column\">\n\t\t\t<div class=\"elementor-widget-wrap elementor-element-populated\">\n\t\t\t\t\t\t\t\t<div class=\"elementor-element elementor-element-2c6433c elementor-widget elementor-widget-heading\" data-id=\"2c6433c\" data-element_type=\"widget\" data-widget_type=\"heading.default\">\n\t\t\t\t<div class=\"elementor-widget-container\">\n\t\t\t<h1 class=\"elementor-heading-title elementor-size-default\">Der Weg zu uns<\/h1>\t\t<\/div>\n\t\t\t\t<\/div>\n\t\t\t\t<div class=\"elementor-element elementor-element-2221be2 elementor-widget elementor-widget-text-editor\" data-id=\"2221be2\" data-element_type=\"widget\" data-widget_type=\"text-editor.default\">\n\t\t\t\t<div class=\"elementor-widget-container\">\n\t\t\t\t\t\t\t<p>Mit den \u00f6ffentlichen Verkehrsmitteln gelangst du zu uns mit der Buslinie 601 sowie der U-Bahn\/Stra\u00dfenbahn 63 und 16, die alle zur Haltestelle \u201eTannenbusch S\u00fcd\u201c f\u00fchren. Die Linie 18 h\u00e4lt an der Haltestelle Robert-Kirchhoff-Stra\u00dfe. Alle liegen in unmittelbarer N\u00e4he zu unserem Vereinsheim.<\/p><p><span class=\"aText\">Auch Parkpl\u00e4tze gibt es reichlich direkt hinter dem Haus. Einfach bis auf den gro\u00dfen Parkplatz durchfahren.<\/span><\/p><p>PBSC Bonn e.V.\u2028<br \/>In den Dauen 6<br \/>53117 Bonn\u2028<br \/>Telefon Vereinsheim: 0228 \/ 18034159<\/p>\t\t\t\t\t\t<\/div>\n\t\t\t\t<\/div>\n\t\t\t\t\t<\/div>\n\t\t<\/div>\n\t\t\t\t\t\t\t<\/div>\n\t\t<\/section>\n\t\t\t\t<section class=\"elementor-section elementor-top-section elementor-element elementor-element-e3401e4 elementor-section-boxed elementor-section-height-default elementor-section-height-default elementor-invisible\" data-id=\"e3401e4\" data-element_type=\"section\" data-settings=\"{&quot;animation&quot;:&quot;fadeInUp&quot;}\">\n\t\t\t\t\t\t<div class=\"elementor-container elementor-column-gap-default\">\n\t\t\t\t\t<div class=\"elementor-column elementor-col-100 elementor-top-column elementor-element elementor-element-d3802b3\" data-id=\"d3802b3\" data-element_type=\"column\">\n\t\t\t<div class=\"elementor-widget-wrap elementor-element-populated\">\n\t\t\t\t\t\t\t\t<div class=\"elementor-element elementor-element-99a09a6 elementor-widget elementor-widget-google_maps\" data-id=\"99a09a6\" data-element_type=\"widget\" data-widget_type=\"google_maps.default\">\n\t\t\t\t<div class=\"elementor-widget-container\">\n\t\t\t<style>\/*! elementor - v3.6.8 - 27-07-2022 *\/\n.elementor-widget-google_maps .elementor-widget-container{overflow:hidden}.elementor-widget-google_maps iframe{height:300px}<\/style>\t\t<div class=\"elementor-custom-embed\">\n\t\t\t<iframe frameborder=\"0\" scrolling=\"no\" marginheight=\"0\" marginwidth=\"0\"\n\t\t\t\t\tsrc=\"https:\/\/maps.google.com\/maps?q=PBSC%20Bonn%20e.V.%2C%20In%20den%20Dauen%206%2C%2053117%20Bonn&#038;t=m&#038;z=14&#038;output=embed&#038;iwloc=near\"\n\t\t\t\t\ttitle=\"PBSC Bonn e.V., In den Dauen 6, 53117 Bonn\"\n\t\t\t\t\taria-label=\"PBSC Bonn e.V., In den Dauen 6, 53117 Bonn\"\n\t\t\t><\/iframe>\n\t\t<\/div>\n\t\t\t\t<\/div>\n\t\t\t\t<\/div>\n\t\t\t\t\t<\/div>\n\t\t<\/div>\n\t\t\t\t\t\t\t<\/div>\n\t\t<\/section>\n\t\t\t\t\t\t\t<\/div>\n\t\t","protected":false},"excerpt":{"rendered":"<p>Kostenloses Schnuppertraining Jeder ist bei uns herzlich willkommen! Du hast Lust auf Poolbillard?Du spielst schon ab und zu Billard oder m\u00f6chtest es das erste Mal probieren?Du bist gespannt, wie Billard im Verein oder sogar in einer Mannschaft funktioniert? Prima &#8211; dann laden wir dich (oder euch) gerne zu unserem kostenlosen Schnuppertraining ein! Wann? Nur nach&hellip;&nbsp;<a href=\"https:\/\/www.pbsc-bonn.de\/?page_id=484\" class=\"\" rel=\"bookmark\">Weiterlesen &raquo;<span class=\"screen-reader-text\">Schnuppertraining<\/span><\/a><\/p>\n","protected":false},"author":1,"featured_media":0,"parent":0,"menu_order":0,"comment_status":"closed","ping_status":"closed","template":"page-templates\/template-pagebuilder-full-width.php","meta":{"neve_meta_sidebar":"","neve_meta_container":"","neve_meta_enable_content_width":"","neve_meta_content_width":0,"neve_meta_title_alignment":"","neve_meta_author_avatar":"","neve_post_elements_order":"","neve_meta_disable_header":"","neve_meta_disable_footer":"","neve_meta_disable_title":"","footnotes":""},"class_list":["post-484","page","type-page","status-publish","hentry"],"_links":{"self":[{"href":"https:\/\/www.pbsc-bonn.de\/index.php?rest_route=\/wp\/v2\/pages\/484","targetHints":{"allow":["GET"]}}],"collection":[{"href":"https:\/\/www.pbsc-bonn.de\/index.php?rest_route=\/wp\/v2\/pages"}],"about":[{"href":"https:\/\/www.pbsc-bonn.de\/index.php?rest_route=\/wp\/v2\/types\/page"}],"author":[{"embeddable":true,"href":"https:\/\/www.pbsc-bonn.de\/index.php?rest_route=\/wp\/v2\/users\/1"}],"replies":[{"embeddable":true,"href":"https:\/\/www.pbsc-bonn.de\/index.php?rest_route=%2Fwp%2Fv2%2Fcomments&post=484"}],"version-history":[{"count":59,"href":"https:\/\/www.pbsc-bonn.de\/index.php?rest_route=\/wp\/v2\/pages\/484\/revisions"}],"predecessor-version":[{"id":1674,"href":"https:\/\/www.pbsc-bonn.de\/index.php?rest_route=\/wp\/v2\/pages\/484\/revisions\/1674"}],"wp:attachment":[{"href":"https:\/\/www.pbsc-bonn.de\/index.php?rest_route=%2Fwp%2Fv2%2Fmedia&parent=484"}],"curies":[{"name":"wp","href":"https:\/\/api.w.org\/{rel}","templated":true}]}}