{"id":9,"date":"2021-10-02T13:07:03","date_gmt":"2021-10-02T11:07:03","guid":{"rendered":"http:\/\/www.pbsc-bonn.de\/?page_id=9"},"modified":"2024-04-01T13:02:29","modified_gmt":"2024-04-01T11:02:29","slug":"contact","status":"publish","type":"page","link":"https:\/\/www.pbsc-bonn.de\/?page_id=9","title":{"rendered":"Kontakt"},"content":{"rendered":"\t\t<div data-elementor-type=\"wp-page\" data-elementor-id=\"9\" class=\"elementor elementor-9\">\n\t\t\t\t\t\t\t\t\t<section class=\"elementor-section elementor-top-section elementor-element elementor-element-4fc5eca elementor-section-boxed elementor-section-height-default elementor-section-height-default elementor-invisible\" data-id=\"4fc5eca\" data-element_type=\"section\" data-settings=\"{&quot;animation&quot;:&quot;fadeIn&quot;}\">\n\t\t\t\t\t\t<div class=\"elementor-container elementor-column-gap-default\">\n\t\t\t\t\t<div class=\"elementor-column elementor-col-100 elementor-top-column elementor-element elementor-element-aca43da\" data-id=\"aca43da\" data-element_type=\"column\">\n\t\t\t<div class=\"elementor-widget-wrap elementor-element-populated\">\n\t\t\t\t\t\t\t\t<div class=\"elementor-element elementor-element-70abb0a elementor-widget elementor-widget-heading\" data-id=\"70abb0a\" data-element_type=\"widget\" data-widget_type=\"heading.default\">\n\t\t\t\t<div class=\"elementor-widget-container\">\n\t\t\t<style>\/*! elementor - v3.6.8 - 27-07-2022 *\/\n.elementor-heading-title{padding:0;margin:0;line-height:1}.elementor-widget-heading .elementor-heading-title[class*=elementor-size-]>a{color:inherit;font-size:inherit;line-height:inherit}.elementor-widget-heading .elementor-heading-title.elementor-size-small{font-size:15px}.elementor-widget-heading .elementor-heading-title.elementor-size-medium{font-size:19px}.elementor-widget-heading .elementor-heading-title.elementor-size-large{font-size:29px}.elementor-widget-heading .elementor-heading-title.elementor-size-xl{font-size:39px}.elementor-widget-heading .elementor-heading-title.elementor-size-xxl{font-size:59px}<\/style><h1 class=\"elementor-heading-title elementor-size-default\">Kontaktadresse<\/h1>\t\t<\/div>\n\t\t\t\t<\/div>\n\t\t\t\t<div class=\"elementor-element elementor-element-d0d18e1 elementor-widget elementor-widget-text-editor\" data-id=\"d0d18e1\" data-element_type=\"widget\" data-widget_type=\"text-editor.default\">\n\t\t\t\t<div class=\"elementor-widget-container\">\n\t\t\t<style>\/*! elementor - v3.6.8 - 27-07-2022 *\/\n.elementor-widget-text-editor.elementor-drop-cap-view-stacked .elementor-drop-cap{background-color:#818a91;color:#fff}.elementor-widget-text-editor.elementor-drop-cap-view-framed .elementor-drop-cap{color:#818a91;border:3px solid;background-color:transparent}.elementor-widget-text-editor:not(.elementor-drop-cap-view-default) .elementor-drop-cap{margin-top:8px}.elementor-widget-text-editor:not(.elementor-drop-cap-view-default) .elementor-drop-cap-letter{width:1em;height:1em}.elementor-widget-text-editor .elementor-drop-cap{float:left;text-align:center;line-height:1;font-size:50px}.elementor-widget-text-editor .elementor-drop-cap-letter{display:inline-block}<\/style>\t\t\t\t<p>PBSC Bonn e.V.<br \/>In den Dauen 6<br \/>53117 Bonn<br \/>Telefon Vereinsheim: <span style=\"color: #ffffff;\"><a style=\"color: #ffffff;\" href=\"tel:0228 \/ 18034159\">0228 \/ 18034159<\/a><\/span><br \/>pool(at)pbsc-bonn.de<\/p>\t\t\t\t\t\t<\/div>\n\t\t\t\t<\/div>\n\t\t\t\t<div class=\"elementor-element elementor-element-4c1778e elementor-widget elementor-widget-heading\" data-id=\"4c1778e\" data-element_type=\"widget\" data-widget_type=\"heading.default\">\n\t\t\t\t<div class=\"elementor-widget-container\">\n\t\t\t<h1 class=\"elementor-heading-title elementor-size-default\">Spielzeiten<\/h1>\t\t<\/div>\n\t\t\t\t<\/div>\n\t\t\t\t<div class=\"elementor-element elementor-element-8669597 elementor-widget elementor-widget-text-editor\" data-id=\"8669597\" data-element_type=\"widget\" data-widget_type=\"text-editor.default\">\n\t\t\t\t<div class=\"elementor-widget-container\">\n\t\t\t\t\t\t\t<p>In der Regel sind t\u00e4glich Spieler anwesend \u2013 mindestens von 16.30 Uhr bis 21:30 Uhr \u2013 eher auch fr\u00fcher und l\u00e4nger. Bitte informiere dich gerne unter der Telefonnummer <span style=\"color: #ffffff;\"><a style=\"color: #ffffff;\" href=\"tel:0228 \/ 18034159\">0228 \/ 18034159<\/a><\/span>, ob jemand zum spielen im Vereinsheim anwesend ist.<\/p><p>Kontakt aufnehmen kannst du auch per Mail mit dem Verein unter pool(at)pbsc-bonn.de oder komm einfach in unserem Vereinsheim vorbei!<\/p>\t\t\t\t\t\t<\/div>\n\t\t\t\t<\/div>\n\t\t\t\t<div class=\"elementor-element elementor-element-24d1fcc elementor-widget elementor-widget-heading\" data-id=\"24d1fcc\" data-element_type=\"widget\" data-widget_type=\"heading.default\">\n\t\t\t\t<div class=\"elementor-widget-container\">\n\t\t\t<h1 class=\"elementor-heading-title elementor-size-default\">\u00d6ffentliche Verkehrsmittel<\/h1>\t\t<\/div>\n\t\t\t\t<\/div>\n\t\t\t\t<div class=\"elementor-element elementor-element-6c05251 elementor-widget elementor-widget-text-editor\" data-id=\"6c05251\" data-element_type=\"widget\" data-widget_type=\"text-editor.default\">\n\t\t\t\t<div class=\"elementor-widget-container\">\n\t\t\t\t\t\t\t<p>Mit den \u00f6ffentlichen Verkehrsmitteln gelangst du zu uns mit der Buslinie 601 sowie der U-Bahn\/Stra\u00dfenbahn 63 und 16, die alle zur Haltestelle \u201eTannenbusch S\u00fcd\u201c f\u00fchren. Die Linie 18 h\u00e4lt an der Haltestelle Robert-Kirchhoff-Stra\u00dfe. Alle liegen in unmittelbarer N\u00e4he zu unserem Vereinsheim.<\/p>\t\t\t\t\t\t<\/div>\n\t\t\t\t<\/div>\n\t\t\t\t\t<\/div>\n\t\t<\/div>\n\t\t\t\t\t\t\t<\/div>\n\t\t<\/section>\n\t\t\t\t<section class=\"elementor-section elementor-top-section elementor-element elementor-element-5c22357 elementor-section-boxed elementor-section-height-default elementor-section-height-default elementor-invisible\" data-id=\"5c22357\" data-element_type=\"section\" data-settings=\"{&quot;animation&quot;:&quot;fadeInUp&quot;}\">\n\t\t\t\t\t\t<div class=\"elementor-container elementor-column-gap-default\">\n\t\t\t\t\t<div class=\"elementor-column elementor-col-100 elementor-top-column elementor-element elementor-element-a2fa540\" data-id=\"a2fa540\" data-element_type=\"column\">\n\t\t\t<div class=\"elementor-widget-wrap elementor-element-populated\">\n\t\t\t\t\t\t\t\t<div class=\"elementor-element elementor-element-8e1a91c elementor-widget elementor-widget-google_maps\" data-id=\"8e1a91c\" data-element_type=\"widget\" data-widget_type=\"google_maps.default\">\n\t\t\t\t<div class=\"elementor-widget-container\">\n\t\t\t<style>\/*! elementor - v3.6.8 - 27-07-2022 *\/\n.elementor-widget-google_maps .elementor-widget-container{overflow:hidden}.elementor-widget-google_maps iframe{height:300px}<\/style>\t\t<div class=\"elementor-custom-embed\">\n\t\t\t<iframe frameborder=\"0\" scrolling=\"no\" marginheight=\"0\" marginwidth=\"0\"\n\t\t\t\t\tsrc=\"https:\/\/maps.google.com\/maps?q=PBSC%20Bonn%20e.V.%2C%20In%20den%20Dauen%206%2C%2053117%20Bonn&#038;t=m&#038;z=14&#038;output=embed&#038;iwloc=near\"\n\t\t\t\t\ttitle=\"PBSC Bonn e.V., In den Dauen 6, 53117 Bonn\"\n\t\t\t\t\taria-label=\"PBSC Bonn e.V., In den Dauen 6, 53117 Bonn\"\n\t\t\t><\/iframe>\n\t\t<\/div>\n\t\t\t\t<\/div>\n\t\t\t\t<\/div>\n\t\t\t\t\t<\/div>\n\t\t<\/div>\n\t\t\t\t\t\t\t<\/div>\n\t\t<\/section>\n\t\t\t\t\t\t\t<\/div>\n\t\t","protected":false},"excerpt":{"rendered":"<p>Kontaktadresse PBSC Bonn e.V.In den Dauen 653117 BonnTelefon Vereinsheim: 0228 \/ 18034159pool(at)pbsc-bonn.de Spielzeiten In der Regel sind t\u00e4glich Spieler anwesend \u2013 mindestens von 16.30 Uhr bis 21:30 Uhr \u2013 eher auch fr\u00fcher und l\u00e4nger. Bitte informiere dich gerne unter der Telefonnummer 0228 \/ 18034159, ob jemand zum spielen im Vereinsheim anwesend ist. Kontakt aufnehmen kannst&hellip;&nbsp;<a href=\"https:\/\/www.pbsc-bonn.de\/?page_id=9\" class=\"\" rel=\"bookmark\">Weiterlesen &raquo;<span class=\"screen-reader-text\">Kontakt<\/span><\/a><\/p>\n","protected":false},"author":1,"featured_media":0,"parent":0,"menu_order":0,"comment_status":"closed","ping_status":"closed","template":"","meta":{"neve_meta_sidebar":"","neve_meta_container":"","neve_meta_enable_content_width":"on","neve_meta_content_width":100,"neve_meta_title_alignment":"","neve_meta_author_avatar":"","neve_post_elements_order":"","neve_meta_disable_header":"","neve_meta_disable_footer":"","neve_meta_disable_title":"on","footnotes":""},"class_list":["post-9","page","type-page","status-publish","hentry"],"_links":{"self":[{"href":"https:\/\/www.pbsc-bonn.de\/index.php?rest_route=\/wp\/v2\/pages\/9","targetHints":{"allow":["GET"]}}],"collection":[{"href":"https:\/\/www.pbsc-bonn.de\/index.php?rest_route=\/wp\/v2\/pages"}],"about":[{"href":"https:\/\/www.pbsc-bonn.de\/index.php?rest_route=\/wp\/v2\/types\/page"}],"author":[{"embeddable":true,"href":"https:\/\/www.pbsc-bonn.de\/index.php?rest_route=\/wp\/v2\/users\/1"}],"replies":[{"embeddable":true,"href":"https:\/\/www.pbsc-bonn.de\/index.php?rest_route=%2Fwp%2Fv2%2Fcomments&post=9"}],"version-history":[{"count":22,"href":"https:\/\/www.pbsc-bonn.de\/index.php?rest_route=\/wp\/v2\/pages\/9\/revisions"}],"predecessor-version":[{"id":1641,"href":"https:\/\/www.pbsc-bonn.de\/index.php?rest_route=\/wp\/v2\/pages\/9\/revisions\/1641"}],"wp:attachment":[{"href":"https:\/\/www.pbsc-bonn.de\/index.php?rest_route=%2Fwp%2Fv2%2Fmedia&parent=9"}],"curies":[{"name":"wp","href":"https:\/\/api.w.org\/{rel}","templated":true}]}}